{"id":1179,"date":"2022-10-10T11:02:15","date_gmt":"2022-10-10T09:02:15","guid":{"rendered":"https:\/\/www.camariacallas.com\/wo-wir-sind\/"},"modified":"2022-10-13T11:30:34","modified_gmt":"2022-10-13T09:30:34","slug":"wo-wir-sind","status":"publish","type":"page","link":"https:\/\/www.camariacallas.com\/de\/wo-wir-sind\/","title":{"rendered":"Lage"},"content":{"rendered":"<p>[vc_row full_width=&#8220;stretch_row_content&#8220;][vc_column]\n\t\t\t<!-- START Location REVOLUTION SLIDER 6.4.5 --><p class=\"rs-p-wp-fix\"><\/p>\n\t\t\t<rs-module-wrap id=\"rev_slider_5_1_wrapper\" data-source=\"gallery\" style=\"background:transparent;padding:0;\">\n\t\t\t\t<rs-module id=\"rev_slider_5_1\" style=\"\" data-version=\"6.4.5\">\n\t\t\t\t\t<rs-slides>\n\t\t\t\t\t\t<rs-slide data-key=\"rs-11\" data-title=\"Slide\" data-in=\"o:0;\" data-out=\"a:false;\">\n\t\t\t\t\t\t\t<img src=\"\/\/www.camariacallas.com\/wp-content\/uploads\/2022\/06\/shutterstock_1810197283.jpg\" title=\"shutterstock_1810197283\" width=\"2560\" height=\"1705\" class=\"rev-slidebg tp-rs-img\" data-no-retina>\n<!---->\t\t\t\t\t\t<\/rs-slide>\n\t\t\t\t\t<\/rs-slides>\n\t\t\t\t<\/rs-module>\n\t\t\t\t<script type=\"text\/javascript\">\n\t\t\t\t\tsetREVStartSize({c: 'rev_slider_5_1',rl:[1240,1024,778,480],el:[900],gw:[1240],gh:[900],type:'standard',justify:'',layout:'fullscreen',offsetContainer:'',offset:'',mh:\"0\"});\n\t\t\t\t\tvar\trevapi5,\n\t\t\t\t\t\ttpj;\n\t\t\t\t\tfunction revinit_revslider51() {\n\t\t\t\t\tjQuery(function() {\n\t\t\t\t\t\ttpj = jQuery;\n\t\t\t\t\t\trevapi5 = tpj(\"#rev_slider_5_1\");\n\t\t\t\t\t\tif(revapi5==undefined || revapi5.revolution == undefined){\n\t\t\t\t\t\t\trevslider_showDoubleJqueryError(\"rev_slider_5_1\");\n\t\t\t\t\t\t}else{\n\t\t\t\t\t\t\trevapi5.revolution({\n\t\t\t\t\t\t\t\tsliderLayout:\"fullscreen\",\n\t\t\t\t\t\t\t\tvisibilityLevels:\"1240,1024,778,480\",\n\t\t\t\t\t\t\t\tgridwidth:1240,\n\t\t\t\t\t\t\t\tgridheight:900,\n\t\t\t\t\t\t\t\tperspective:600,\n\t\t\t\t\t\t\t\tperspectiveType:\"global\",\n\t\t\t\t\t\t\t\teditorheight:\"900,768,960,720\",\n\t\t\t\t\t\t\t\tresponsiveLevels:\"1240,1024,778,480\",\n\t\t\t\t\t\t\t\tprogressBar:{disableProgressBar:true},\n\t\t\t\t\t\t\t\tnavigation: {\n\t\t\t\t\t\t\t\t\tonHoverStop:false\n\t\t\t\t\t\t\t\t},\n\t\t\t\t\t\t\t\tfallbacks: {\n\t\t\t\t\t\t\t\t\tallowHTML5AutoPlayOnAndroid:true\n\t\t\t\t\t\t\t\t},\n\t\t\t\t\t\t\t});\n\t\t\t\t\t\t}\n\t\t\t\t\t\t\n\t\t\t\t\t});\n\t\t\t\t\t} \/\/ End of RevInitScript\n\t\t\t\tvar once_revslider51 = false;\n\t\t\t\tif (document.readyState === \"loading\") {document.addEventListener('readystatechange',function() { if((document.readyState === \"interactive\" || document.readyState === \"complete\") && !once_revslider51 ) { once_revslider51 = true; revinit_revslider51();}});} else {once_revslider51 = true; revinit_revslider51();}\n\t\t\t\t<\/script>\n\t\t\t<\/rs-module-wrap>\n\t\t\t<!-- END REVOLUTION SLIDER -->\n[vc_raw_html]PGRpdiBjbGFzcz0iYXJyb3ctd3JhcHBlciI+PGRpdiBjbGFzcz0iYXJyb3ciPjwvZGl2PjwvZGl2Pg==[\/vc_raw_html][\/vc_column][\/vc_row][vc_row full_width=&#8220;stretch_row_content&#8220;][vc_column][vc_empty_space height=&#8220;100px&#8220;][vc_column_text]<\/p>\n<h1 style=\"text-align: center;\">LAGE<\/h1>\n<p>[\/vc_column_text][vc_empty_space height=&#8220;50px&#8220;][\/vc_column][\/vc_row][vc_row css=&#8220;.vc_custom_1547553006946{padding-top: 10px !important;padding-bottom: 50px !important;}&#8220;][vc_column][vc_column_text]<\/p>\n<p style=\"text-align: center;\">Ca\u2018 Maria Callas steht im Viertel San Marco, hinter dem Theater La Fenice, 5 Minuten vom Markusplatz zu Fu\u00df.<br \/>\nBei uns k\u00f6nnen Sie Transfer Service vorbestellen, mit Wassertaxi bis zum Wassertor des Beherbergungsbetriebs. F\u00fcr weitere Informationen und Preise k\u00f6nnen Sie uns \u00fcber das entsprechende Formular kontaktieren.<\/p>\n<p style=\"text-align: center;\">Ca\u2018 Maria Callas ist auch mit den \u00f6ffentlichen Schiffen (Wasserbussen oder Vaporetti) erreichbar: Ausstieg an der Haltestelle S. Maria del Giglio.<\/p>\n<p>[\/vc_column_text][\/vc_column][\/vc_row][vc_row full_width=&#8220;stretch_row_content_no_spaces&#8220;][vc_column][vc_gmaps link=&#8220;#E-8_JTNDaWZyYW1lJTIwc3JjJTNEJTIyaHR0cHMlM0ElMkYlMkZ3d3cuZ29vZ2xlLmNvbSUyRm1hcHMlMkZlbWJlZCUzRnBiJTNEJTIxMW0xOCUyMTFtMTIlMjExbTMlMjExZDk0MTcuNDI5NTE1ODg0ODUlMjEyZDEyLjMzMDQyNDA2NTM5MjgzJTIxM2Q0NS40MzMxNTkwMTU4NDU2OTYlMjEybTMlMjExZjAlMjEyZjAlMjEzZjAlMjEzbTIlMjExaTEwMjQlMjEyaTc2OCUyMTRmMTMuMSUyMTNtMyUyMTFtMiUyMTFzMHg0NzdlYjFkMWEwN2Q2N2QxJTI1M0EweDUyY2JiYmY4MDUwYmYzMTUlMjEyc0NhJTI2JTIzMzklM0IlMjUyME1hcmlhJTI1MjBDYWxsYXMlMjE1ZTAlMjEzbTIlMjExc2l0JTIxMnNpdCUyMTR2MTY1NTM2NzE3MzYxNyUyMTVtMiUyMTFzaXQlMjEyc2l0JTIyJTIwd2lkdGglM0QlMjI2MDAlMjIlMjBoZWlnaHQlM0QlMjI0NTAlMjIlMjBzdHlsZSUzRCUyMmJvcmRlciUzQTAlM0IlMjIlMjBhbGxvd2Z1bGxzY3JlZW4lM0QlMjIlMjIlMjBsb2FkaW5nJTNEJTIybGF6eSUyMiUyMHJlZmVycmVycG9saWN5JTNEJTIybm8tcmVmZXJyZXItd2hlbi1kb3duZ3JhZGUlMjIlM0UlM0MlMkZpZnJhbWUlM0U=&#8220; size=&#8220;800px&#8220;][vc_empty_space height=&#8220;40px&#8220;][\/vc_column][\/vc_row][vc_row css=&#8220;.vc_custom_1547712153347{padding-top: 50px !important;padding-bottom: 50px !important;}&#8220;][vc_column][vc_column_text]<\/p>\n<h2 style=\"text-align: center;\">So erreichen Sie uns<\/h2>\n<p>[\/vc_column_text][\/vc_column][\/vc_row][vc_row full_width=&#8220;stretch_row_content&#8220; gap=&#8220;35&#8243; css=&#8220;.vc_custom_1547712291318{padding-bottom: 50px !important;}&#8220;][vc_column width=&#8220;1\/3&#8243; css=&#8220;.vc_custom_1655367280797{padding-top: 35px !important;padding-right: 35px !important;padding-bottom: 35px !important;padding-left: 35px !important;background-color: #220523 !important;}&#8220;][vc_icon icon_fontawesome=&#8220;fas fa-plane&#8220; color=&#8220;grey&#8220; size=&#8220;xl&#8220; align=&#8220;center&#8220;][vc_column_text]<\/p>\n<h3 style=\"text-align: center;\">FLUGHAFEN<\/h3>\n<p style=\"text-align: center;\"><strong>Flughafen Marco Polo<\/strong><\/p>\n<p style=\"text-align: center;\">Folgen Sie bitte dem Wegweiser \u201etrasporti via acqua \u2013 water transport\u201c, nehmen Sie das Schiff der Orange Linie \u201eAlilaguna\u201c, und steigen Sie an der Haltestelle S. Maria del Giglio aus. Von dort aus, k\u00f6nnen Sie Domus Superior in 2 Minuten zu Fu\u00df erreichen.<\/p>\n<p style=\"text-align: center;\"><strong>Flughafen Canova Treviso<\/strong><\/p>\n<p style=\"text-align: center;\">Sie k\u00f6nnen vom Flughafen den Bus ATVO nach Venedig nehmen, bis zur Endstation \u201ePiazzale Roma\u201c (Busbahnhof in Venedig). Von dort aus k\u00f6nnen Sie den \u00f6ffentlichen Wasserbus nehmen: Linie 1, Ausstieg an der Haltestelle S. Maria del Giglio, und dann 2 Minuten zu Fu\u00df.<\/p>\n<p>[\/vc_column_text][\/vc_column][vc_column width=&#8220;1\/3&#8243; css=&#8220;.vc_custom_1655367288116{padding-top: 35px !important;padding-right: 35px !important;padding-bottom: 35px !important;padding-left: 35px !important;background-color: #220523 !important;}&#8220;][vc_icon icon_fontawesome=&#8220;fas fa-car&#8220; color=&#8220;grey&#8220; size=&#8220;xl&#8220; align=&#8220;center&#8220;][vc_column_text]<\/p>\n<h3 style=\"text-align: center;\">AUTO<\/h3>\n<p style=\"text-align: center;\">Ausfahrt der Autobahn A4: Venedig.<br \/>\nWeiter bis Sie, nach der Ponte della Libert\u00e0 (die Br\u00fccke, die Venedig mit dem Festland verbindet) und gerade aus nach der Ampel, Piazzale Roma erreichen. Dort sind die 2 Parkh\u00e4user AVM Autorimessa Comunale und Garage San Marco), wo Sie das Auto abstellen k\u00f6nnen.<br \/>\nVon Piazzale Roma k\u00f6nnen Sie den \u00f6ffentlichen Wasserbus (vaporetto) nehmen: Linie 1, Ausstieg an der Haltestelle S. Maria del Giglio, und dann 2 Minuten zu Fu\u00df.<\/p>\n<p>[\/vc_column_text][\/vc_column][vc_column width=&#8220;1\/3&#8243; css=&#8220;.vc_custom_1655367295628{padding-top: 35px !important;padding-right: 35px !important;padding-bottom: 35px !important;padding-left: 35px !important;background-color: #220523 !important;}&#8220;][vc_icon icon_fontawesome=&#8220;fas fa-subway&#8220; color=&#8220;grey&#8220; size=&#8220;xl&#8220; align=&#8220;center&#8220;][vc_column_text]<\/p>\n<h3 style=\"text-align: center;\">ZUG<\/h3>\n<p style=\"text-align: center;\">Vom Bahnhof Venezia S. Lucia k\u00f6nnen Sie den \u00f6ffentlichen Wasserbus (vaporetto) nehmen: Linie 1, Ausstieg an der Haltestelle S. Maria del Giglio, und dann 2 Minuten zu Fu\u00df.<\/p>\n<p>[\/vc_column_text][\/vc_column][\/vc_row]<\/p>\n","protected":false},"excerpt":{"rendered":"<p>[vc_row full_width=&#8220;stretch_row_content&#8220;][vc_column][vc_raw_html]PGRpdiBjbGFzcz0iYXJyb3ctd3JhcHBlciI+PGRpdiBjbGFzcz0iYXJyb3ciPjwvZGl2PjwvZGl2Pg==[\/vc_raw_html][\/vc_column][\/vc_row][vc_row full_width=&#8220;stretch_row_content&#8220;][vc_column][vc_empty_space height=&#8220;100px&#8220;][vc_column_text] LAGE [\/vc_column_text][vc_empty_space height=&#8220;50px&#8220;][\/vc_column][\/vc_row][vc_row css=&#8220;.vc_custom_1547553006946{padding-top: 10px !important;padding-bottom: 50px !important;}&#8220;][vc_column][vc_column_text] Ca\u2018 Maria Callas steht im Viertel San Marco, hinter dem Theater La Fenice, 5 Minuten vom Markusplatz zu Fu\u00df. Bei uns k\u00f6nnen Sie Transfer Service vorbestellen, mit Wassertaxi bis zum Wassertor des Beherbergungsbetriebs. F\u00fcr weitere Informationen und Preise k\u00f6nnen Sie uns \u00fcber das&hellip;<\/p>\n","protected":false},"author":1,"featured_media":0,"parent":0,"menu_order":0,"comment_status":"closed","ping_status":"closed","template":"","meta":[],"_links":{"self":[{"href":"https:\/\/www.camariacallas.com\/de\/wp-json\/wp\/v2\/pages\/1179"}],"collection":[{"href":"https:\/\/www.camariacallas.com\/de\/wp-json\/wp\/v2\/pages"}],"about":[{"href":"https:\/\/www.camariacallas.com\/de\/wp-json\/wp\/v2\/types\/page"}],"author":[{"embeddable":true,"href":"https:\/\/www.camariacallas.com\/de\/wp-json\/wp\/v2\/users\/1"}],"replies":[{"embeddable":true,"href":"https:\/\/www.camariacallas.com\/de\/wp-json\/wp\/v2\/comments?post=1179"}],"version-history":[{"count":4,"href":"https:\/\/www.camariacallas.com\/de\/wp-json\/wp\/v2\/pages\/1179\/revisions"}],"predecessor-version":[{"id":1238,"href":"https:\/\/www.camariacallas.com\/de\/wp-json\/wp\/v2\/pages\/1179\/revisions\/1238"}],"wp:attachment":[{"href":"https:\/\/www.camariacallas.com\/de\/wp-json\/wp\/v2\/media?parent=1179"}],"curies":[{"name":"wp","href":"https:\/\/api.w.org\/{rel}","templated":true}]}}